{"id":692,"date":"2024-03-12T20:26:36","date_gmt":"2024-03-12T20:26:36","guid":{"rendered":"https:\/\/brasaelume.es\/?page_id=692"},"modified":"2025-01-18T12:41:53","modified_gmt":"2025-01-18T12:41:53","slug":"galeria","status":"publish","type":"page","link":"https:\/\/brasaelume.es\/gl\/galeria\/","title":{"rendered":"Galeria"},"content":{"rendered":"<div data-elementor-type=\"wp-page\" data-elementor-id=\"692\" class=\"elementor elementor-692\">\n\t\t\t\t\t\t<section class=\"elementor-section elementor-top-section elementor-element elementor-element-5851fdd4 elementor-section-height-min-height elementor-section-full_width elementor-section-height-default elementor-section-items-middle\" data-id=\"5851fdd4\" data-element_type=\"section\" data-e-type=\"section\">\n\t\t\t\t\t\t\t<div class=\"elementor-background-overlay\"><\/div>\n\t\t\t\t\t\t\t<div class=\"elementor-container elementor-column-gap-default\">\n\t\t\t\t\t<div class=\"elementor-column elementor-col-100 elementor-top-column elementor-element elementor-element-3566edd6\" data-id=\"3566edd6\" data-element_type=\"column\" data-e-type=\"column\">\n\t\t\t<div class=\"elementor-widget-wrap elementor-element-populated\">\n\t\t\t\t\t\t<div class=\"elementor-element elementor-element-c5a46e7 elementor-widget elementor-widget-spacer\" data-id=\"c5a46e7\" data-element_type=\"widget\" data-e-type=\"widget\" data-widget_type=\"spacer.default\">\n\t\t\t\t<div class=\"elementor-widget-container\">\n\t\t\t\t\t\t\t<div class=\"elementor-spacer\">\n\t\t\t<div class=\"elementor-spacer-inner\"><\/div>\n\t\t<\/div>\n\t\t\t\t\t\t<\/div>\n\t\t\t\t<\/div>\n\t\t\t\t\t<\/div>\n\t\t<\/div>\n\t\t\t\t\t<\/div>\n\t\t<\/section>\n\t\t\t\t<section class=\"elementor-section elementor-top-section elementor-element elementor-element-520e28f elementor-section-boxed elementor-section-height-default elementor-section-height-default\" data-id=\"520e28f\" data-element_type=\"section\" data-e-type=\"section\">\n\t\t\t\t\t\t<div class=\"elementor-container elementor-column-gap-default\">\n\t\t\t\t\t<div class=\"elementor-column elementor-col-100 elementor-top-column elementor-element elementor-element-310130c\" data-id=\"310130c\" data-element_type=\"column\" data-e-type=\"column\">\n\t\t\t<div class=\"elementor-widget-wrap elementor-element-populated\">\n\t\t\t\t\t\t<div class=\"elementor-element elementor-element-e87dd13 elementor-widget elementor-widget-heading\" data-id=\"e87dd13\" data-element_type=\"widget\" data-e-type=\"widget\" data-widget_type=\"heading.default\">\n\t\t\t\t<div class=\"elementor-widget-container\">\n\t\t\t\t\t<h3 class=\"elementor-heading-title elementor-size-default\">Brasa e Lume en im\u00e1genes<\/h3>\t\t\t\t<\/div>\n\t\t\t\t<\/div>\n\t\t\t\t\t<\/div>\n\t\t<\/div>\n\t\t\t\t\t<\/div>\n\t\t<\/section>\n\t\t\t\t<section class=\"elementor-section elementor-top-section elementor-element elementor-element-b27f74c elementor-section-height-min-height elementor-section-items-stretch elementor-section-content-middle elementor-reverse-mobile elementor-section-boxed elementor-section-height-default\" data-id=\"b27f74c\" data-element_type=\"section\" data-e-type=\"section\">\n\t\t\t\t\t\t<div class=\"elementor-container elementor-column-gap-default\">\n\t\t\t\t\t<div class=\"elementor-column elementor-col-50 elementor-top-column elementor-element elementor-element-1250285\" data-id=\"1250285\" data-element_type=\"column\" data-e-type=\"column\" data-settings=\"{&quot;background_background&quot;:&quot;classic&quot;}\">\n\t\t\t<div class=\"elementor-widget-wrap elementor-element-populated\">\n\t\t\t\t\t\t<div class=\"elementor-element elementor-element-4734ff5 elementor-widget elementor-widget-spacer\" data-id=\"4734ff5\" data-element_type=\"widget\" data-e-type=\"widget\" data-widget_type=\"spacer.default\">\n\t\t\t\t<div class=\"elementor-widget-container\">\n\t\t\t\t\t\t\t<div class=\"elementor-spacer\">\n\t\t\t<div class=\"elementor-spacer-inner\"><\/div>\n\t\t<\/div>\n\t\t\t\t\t\t<\/div>\n\t\t\t\t<\/div>\n\t\t\t\t\t<\/div>\n\t\t<\/div>\n\t\t\t\t<div class=\"elementor-column elementor-col-50 elementor-top-column elementor-element elementor-element-f6c88e4\" data-id=\"f6c88e4\" data-element_type=\"column\" data-e-type=\"column\" data-settings=\"{&quot;background_background&quot;:&quot;classic&quot;}\">\n\t\t\t<div class=\"elementor-widget-wrap elementor-element-populated\">\n\t\t\t\t\t\t<div class=\"elementor-element elementor-element-5d9a2cc elementor-widget elementor-widget-spacer\" data-id=\"5d9a2cc\" data-element_type=\"widget\" data-e-type=\"widget\" data-widget_type=\"spacer.default\">\n\t\t\t\t<div class=\"elementor-widget-container\">\n\t\t\t\t\t\t\t<div class=\"elementor-spacer\">\n\t\t\t<div class=\"elementor-spacer-inner\"><\/div>\n\t\t<\/div>\n\t\t\t\t\t\t<\/div>\n\t\t\t\t<\/div>\n\t\t\t\t\t<\/div>\n\t\t<\/div>\n\t\t\t\t\t<\/div>\n\t\t<\/section>\n\t\t\t\t<section class=\"elementor-section elementor-top-section elementor-element elementor-element-d6bbbe3 elementor-section-height-min-height elementor-section-items-stretch elementor-section-content-middle elementor-reverse-mobile elementor-section-boxed elementor-section-height-default\" data-id=\"d6bbbe3\" data-element_type=\"section\" data-e-type=\"section\">\n\t\t\t\t\t\t<div class=\"elementor-container elementor-column-gap-default\">\n\t\t\t\t\t<div class=\"elementor-column elementor-col-50 elementor-top-column elementor-element elementor-element-75af195\" data-id=\"75af195\" data-element_type=\"column\" data-e-type=\"column\" data-settings=\"{&quot;background_background&quot;:&quot;classic&quot;}\">\n\t\t\t<div class=\"elementor-widget-wrap elementor-element-populated\">\n\t\t\t\t\t\t<div class=\"elementor-element elementor-element-7a7d72e elementor-widget elementor-widget-spacer\" data-id=\"7a7d72e\" data-element_type=\"widget\" data-e-type=\"widget\" data-widget_type=\"spacer.default\">\n\t\t\t\t<div class=\"elementor-widget-container\">\n\t\t\t\t\t\t\t<div class=\"elementor-spacer\">\n\t\t\t<div class=\"elementor-spacer-inner\"><\/div>\n\t\t<\/div>\n\t\t\t\t\t\t<\/div>\n\t\t\t\t<\/div>\n\t\t\t\t\t<\/div>\n\t\t<\/div>\n\t\t\t\t<div class=\"elementor-column elementor-col-50 elementor-top-column elementor-element elementor-element-5f109e2\" data-id=\"5f109e2\" data-element_type=\"column\" data-e-type=\"column\" data-settings=\"{&quot;background_background&quot;:&quot;classic&quot;}\">\n\t\t\t<div class=\"elementor-widget-wrap elementor-element-populated\">\n\t\t\t\t\t\t<div class=\"elementor-element elementor-element-1270852 elementor-widget elementor-widget-spacer\" data-id=\"1270852\" data-element_type=\"widget\" data-e-type=\"widget\" data-widget_type=\"spacer.default\">\n\t\t\t\t<div class=\"elementor-widget-container\">\n\t\t\t\t\t\t\t<div class=\"elementor-spacer\">\n\t\t\t<div class=\"elementor-spacer-inner\"><\/div>\n\t\t<\/div>\n\t\t\t\t\t\t<\/div>\n\t\t\t\t<\/div>\n\t\t\t\t\t<\/div>\n\t\t<\/div>\n\t\t\t\t\t<\/div>\n\t\t<\/section>\n\t\t\t\t<section class=\"elementor-section elementor-top-section elementor-element elementor-element-76a039d elementor-section-height-min-height elementor-section-items-stretch elementor-section-content-middle elementor-reverse-mobile elementor-section-boxed elementor-section-height-default\" data-id=\"76a039d\" data-element_type=\"section\" data-e-type=\"section\">\n\t\t\t\t\t\t<div class=\"elementor-container elementor-column-gap-default\">\n\t\t\t\t\t<div class=\"elementor-column elementor-col-50 elementor-top-column elementor-element elementor-element-8544bf2\" data-id=\"8544bf2\" data-element_type=\"column\" data-e-type=\"column\" data-settings=\"{&quot;background_background&quot;:&quot;classic&quot;}\">\n\t\t\t<div class=\"elementor-widget-wrap elementor-element-populated\">\n\t\t\t\t\t\t<div class=\"elementor-element elementor-element-0df47c9 elementor-widget elementor-widget-spacer\" data-id=\"0df47c9\" data-element_type=\"widget\" data-e-type=\"widget\" data-widget_type=\"spacer.default\">\n\t\t\t\t<div class=\"elementor-widget-container\">\n\t\t\t\t\t\t\t<div class=\"elementor-spacer\">\n\t\t\t<div class=\"elementor-spacer-inner\"><\/div>\n\t\t<\/div>\n\t\t\t\t\t\t<\/div>\n\t\t\t\t<\/div>\n\t\t\t\t\t<\/div>\n\t\t<\/div>\n\t\t\t\t<div class=\"elementor-column elementor-col-50 elementor-top-column elementor-element elementor-element-34063c3\" data-id=\"34063c3\" data-element_type=\"column\" data-e-type=\"column\" data-settings=\"{&quot;background_background&quot;:&quot;classic&quot;}\">\n\t\t\t<div class=\"elementor-widget-wrap elementor-element-populated\">\n\t\t\t\t\t\t<div class=\"elementor-element elementor-element-22d1443 elementor-widget elementor-widget-spacer\" data-id=\"22d1443\" data-element_type=\"widget\" data-e-type=\"widget\" data-widget_type=\"spacer.default\">\n\t\t\t\t<div class=\"elementor-widget-container\">\n\t\t\t\t\t\t\t<div class=\"elementor-spacer\">\n\t\t\t<div class=\"elementor-spacer-inner\"><\/div>\n\t\t<\/div>\n\t\t\t\t\t\t<\/div>\n\t\t\t\t<\/div>\n\t\t\t\t\t<\/div>\n\t\t<\/div>\n\t\t\t\t\t<\/div>\n\t\t<\/section>\n\t\t\t\t<section class=\"elementor-section elementor-top-section elementor-element elementor-element-b61fd13 elementor-section-height-min-height elementor-section-items-stretch elementor-section-content-middle elementor-reverse-mobile elementor-section-boxed elementor-section-height-default\" data-id=\"b61fd13\" data-element_type=\"section\" data-e-type=\"section\">\n\t\t\t\t\t\t<div class=\"elementor-container elementor-column-gap-default\">\n\t\t\t\t\t<div class=\"elementor-column elementor-col-50 elementor-top-column elementor-element elementor-element-7fcef82\" data-id=\"7fcef82\" data-element_type=\"column\" data-e-type=\"column\" data-settings=\"{&quot;background_background&quot;:&quot;classic&quot;}\">\n\t\t\t<div class=\"elementor-widget-wrap elementor-element-populated\">\n\t\t\t\t\t\t<div class=\"elementor-element elementor-element-aebddac elementor-widget elementor-widget-spacer\" data-id=\"aebddac\" data-element_type=\"widget\" data-e-type=\"widget\" data-widget_type=\"spacer.default\">\n\t\t\t\t<div class=\"elementor-widget-container\">\n\t\t\t\t\t\t\t<div class=\"elementor-spacer\">\n\t\t\t<div class=\"elementor-spacer-inner\"><\/div>\n\t\t<\/div>\n\t\t\t\t\t\t<\/div>\n\t\t\t\t<\/div>\n\t\t\t\t\t<\/div>\n\t\t<\/div>\n\t\t\t\t<div class=\"elementor-column elementor-col-50 elementor-top-column elementor-element elementor-element-096483b\" data-id=\"096483b\" data-element_type=\"column\" data-e-type=\"column\" data-settings=\"{&quot;background_background&quot;:&quot;classic&quot;}\">\n\t\t\t<div class=\"elementor-widget-wrap elementor-element-populated\">\n\t\t\t\t\t\t<div class=\"elementor-element elementor-element-a248200 elementor-widget elementor-widget-spacer\" data-id=\"a248200\" data-element_type=\"widget\" data-e-type=\"widget\" data-widget_type=\"spacer.default\">\n\t\t\t\t<div class=\"elementor-widget-container\">\n\t\t\t\t\t\t\t<div class=\"elementor-spacer\">\n\t\t\t<div class=\"elementor-spacer-inner\"><\/div>\n\t\t<\/div>\n\t\t\t\t\t\t<\/div>\n\t\t\t\t<\/div>\n\t\t\t\t\t<\/div>\n\t\t<\/div>\n\t\t\t\t\t<\/div>\n\t\t<\/section>\n\t\t\t\t<section class=\"elementor-section elementor-top-section elementor-element elementor-element-284026c6 elementor-section-height-min-height elementor-section-content-middle elementor-section-boxed elementor-section-height-default elementor-section-items-middle\" data-id=\"284026c6\" data-element_type=\"section\" data-e-type=\"section\" data-settings=\"{&quot;background_background&quot;:&quot;classic&quot;}\">\n\t\t\t\t\t\t<div class=\"elementor-container elementor-column-gap-default\">\n\t\t\t\t\t<div class=\"elementor-column elementor-col-25 elementor-top-column elementor-element elementor-element-3255a4fc\" data-id=\"3255a4fc\" data-element_type=\"column\" data-e-type=\"column\">\n\t\t\t<div class=\"elementor-widget-wrap elementor-element-populated\">\n\t\t\t\t\t\t<div class=\"elementor-element elementor-element-209c9e5 elementor-widget elementor-widget-image\" data-id=\"209c9e5\" data-element_type=\"widget\" data-e-type=\"widget\" data-widget_type=\"image.default\">\n\t\t\t\t<div class=\"elementor-widget-container\">\n\t\t\t\t\t\t\t\t\t\t\t\t\t\t\t<img fetchpriority=\"high\" decoding=\"async\" width=\"768\" height=\"201\" src=\"https:\/\/brasaelume.es\/wp-content\/uploads\/2023\/08\/ES_Financiado_por_la_Union_Europ-768x201-1.png\" class=\"attachment-full size-full wp-image-376\" alt=\"Financiado por la Uni\u00f3n Europea\" srcset=\"https:\/\/brasaelume.es\/wp-content\/uploads\/2023\/08\/ES_Financiado_por_la_Union_Europ-768x201-1.png 768w, https:\/\/brasaelume.es\/wp-content\/uploads\/2023\/08\/ES_Financiado_por_la_Union_Europ-768x201-1-300x79.png 300w, https:\/\/brasaelume.es\/wp-content\/uploads\/2023\/08\/ES_Financiado_por_la_Union_Europ-768x201-1-18x5.png 18w\" sizes=\"(max-width: 768px) 100vw, 768px\" \/>\t\t\t\t\t\t\t\t\t\t\t\t\t\t\t<\/div>\n\t\t\t\t<\/div>\n\t\t\t\t\t<\/div>\n\t\t<\/div>\n\t\t\t\t<div class=\"elementor-column elementor-col-25 elementor-top-column elementor-element elementor-element-25e25fff\" data-id=\"25e25fff\" data-element_type=\"column\" data-e-type=\"column\">\n\t\t\t<div class=\"elementor-widget-wrap elementor-element-populated\">\n\t\t\t\t\t\t<div class=\"elementor-element elementor-element-7cb1cd75 elementor-widget elementor-widget-image\" data-id=\"7cb1cd75\" data-element_type=\"widget\" data-e-type=\"widget\" data-widget_type=\"image.default\">\n\t\t\t\t<div class=\"elementor-widget-container\">\n\t\t\t\t\t\t\t\t\t\t\t\t\t\t\t<img decoding=\"async\" width=\"768\" height=\"246\" src=\"https:\/\/brasaelume.es\/wp-content\/uploads\/2023\/08\/LOGO-NEGATIVO-1-768x246-1.png\" class=\"attachment-full size-full wp-image-377\" alt=\"Plan de Recuperaci\u00f3n, Transformaci\u00f3n y Resiliencia\" srcset=\"https:\/\/brasaelume.es\/wp-content\/uploads\/2023\/08\/LOGO-NEGATIVO-1-768x246-1.png 768w, https:\/\/brasaelume.es\/wp-content\/uploads\/2023\/08\/LOGO-NEGATIVO-1-768x246-1-300x96.png 300w, https:\/\/brasaelume.es\/wp-content\/uploads\/2023\/08\/LOGO-NEGATIVO-1-768x246-1-18x6.png 18w\" sizes=\"(max-width: 768px) 100vw, 768px\" \/>\t\t\t\t\t\t\t\t\t\t\t\t\t\t\t<\/div>\n\t\t\t\t<\/div>\n\t\t\t\t\t<\/div>\n\t\t<\/div>\n\t\t\t\t<div class=\"elementor-column elementor-col-50 elementor-top-column elementor-element elementor-element-61db2bda\" data-id=\"61db2bda\" data-element_type=\"column\" data-e-type=\"column\">\n\t\t\t<div class=\"elementor-widget-wrap elementor-element-populated\">\n\t\t\t\t\t\t<div class=\"elementor-element elementor-element-35af9a5c elementor-widget elementor-widget-text-editor\" data-id=\"35af9a5c\" data-element_type=\"widget\" data-e-type=\"widget\" data-widget_type=\"text-editor.default\">\n\t\t\t\t<div class=\"elementor-widget-container\">\n\t\t\t\t\t\t\t\t\t<p>Financiado por la Uni\u00f3n Europea \u2013 Next Generation EU.<br \/>Sin embargo los puntos de vista y las opiniones son \u00fanicamente los del autor o autores y no reflejan necesariamente los de la Uni\u00f3n Europea o la Comisi\u00f3n Europea. Ni la Uni\u00f3n Europea ni la Comisi\u00f3n Europea pueden ser consideradas responsables de las mismas.<\/p>\t\t\t\t\t\t\t\t<\/div>\n\t\t\t\t<\/div>\n\t\t\t\t\t<\/div>\n\t\t<\/div>\n\t\t\t\t\t<\/div>\n\t\t<\/section>\n\t\t\t\t<\/div>","protected":false},"excerpt":{"rendered":"<p>Brasa e Lume en im\u00e1genes Financiado por la Uni\u00f3n Europea \u2013 Next Generation EU.Sin embargo los puntos de vista y las opiniones son \u00fanicamente los del autor o autores y no reflejan necesariamente los de la Uni\u00f3n Europea o la Comisi\u00f3n Europea. Ni la Uni\u00f3n Europea ni la Comisi\u00f3n Europea pueden ser consideradas responsables de [&hellip;]<\/p>","protected":false},"author":1,"featured_media":846,"parent":0,"menu_order":0,"comment_status":"closed","ping_status":"closed","template":"","meta":{"_ti_tpc_template_sync":false,"_ti_tpc_template_id":"","footnotes":""},"class_list":["post-692","page","type-page","status-publish","has-post-thumbnail","hentry"],"yoast_head":"<!-- This site is optimized with the Yoast SEO plugin v27.4 - https:\/\/yoast.com\/product\/yoast-seo-wordpress\/ -->\n<title>Galeria - Brasa e lume<\/title>\n<meta name=\"description\" content=\"Cocina basada en carnes a la brasa y comida casera. El buen trato de nuestra materia prima son nuestra se\u00f1a de identidad.\" \/>\n<meta name=\"robots\" content=\"index, follow, max-snippet:-1, max-image-preview:large, max-video-preview:-1\" \/>\n<link rel=\"canonical\" href=\"https:\/\/brasaelume.es\/gl\/galeria\/\" \/>\n<meta property=\"og:locale\" content=\"gl_ES\" \/>\n<meta property=\"og:type\" content=\"article\" \/>\n<meta property=\"og:title\" content=\"Galeria - Brasa e lume\" \/>\n<meta property=\"og:description\" content=\"Cocina basada en carnes a la brasa y comida casera. El buen trato de nuestra materia prima son nuestra se\u00f1a de identidad.\" \/>\n<meta property=\"og:url\" content=\"https:\/\/brasaelume.es\/gl\/galeria\/\" \/>\n<meta property=\"og:site_name\" content=\"Brasa e lume\" \/>\n<meta property=\"article:publisher\" content=\"https:\/\/www.facebook.com\/Asador.A.de.Toto\" \/>\n<meta property=\"article:modified_time\" content=\"2025-01-18T12:41:53+00:00\" \/>\n<meta property=\"og:image\" content=\"https:\/\/brasaelume.es\/wp-content\/uploads\/2025\/01\/lume.png\" \/>\n\t<meta property=\"og:image:width\" content=\"600\" \/>\n\t<meta property=\"og:image:height\" content=\"600\" \/>\n\t<meta property=\"og:image:type\" content=\"image\/png\" \/>\n<meta name=\"twitter:card\" content=\"summary_large_image\" \/>\n<meta name=\"twitter:label1\" content=\"Tempo de lectura\" \/>\n\t<meta name=\"twitter:data1\" content=\"1 minuto\" \/>\n<script type=\"application\/ld+json\" class=\"yoast-schema-graph\">{\"@context\":\"https:\\\/\\\/schema.org\",\"@graph\":[{\"@type\":\"WebPage\",\"@id\":\"https:\\\/\\\/brasaelume.es\\\/galeria\\\/\",\"url\":\"https:\\\/\\\/brasaelume.es\\\/galeria\\\/\",\"name\":\"Galeria - Brasa e lume\",\"isPartOf\":{\"@id\":\"https:\\\/\\\/brasaelume.es\\\/#website\"},\"primaryImageOfPage\":{\"@id\":\"https:\\\/\\\/brasaelume.es\\\/galeria\\\/#primaryimage\"},\"image\":{\"@id\":\"https:\\\/\\\/brasaelume.es\\\/galeria\\\/#primaryimage\"},\"thumbnailUrl\":\"https:\\\/\\\/brasaelume.es\\\/wp-content\\\/uploads\\\/2025\\\/01\\\/lume.png\",\"datePublished\":\"2024-03-12T20:26:36+00:00\",\"dateModified\":\"2025-01-18T12:41:53+00:00\",\"description\":\"Cocina basada en carnes a la brasa y comida casera. El buen trato de nuestra materia prima son nuestra se\u00f1a de identidad.\",\"breadcrumb\":{\"@id\":\"https:\\\/\\\/brasaelume.es\\\/galeria\\\/#breadcrumb\"},\"inLanguage\":\"gl-ES\",\"potentialAction\":[{\"@type\":\"ReadAction\",\"target\":[\"https:\\\/\\\/brasaelume.es\\\/galeria\\\/\"]}]},{\"@type\":\"ImageObject\",\"inLanguage\":\"gl-ES\",\"@id\":\"https:\\\/\\\/brasaelume.es\\\/galeria\\\/#primaryimage\",\"url\":\"https:\\\/\\\/brasaelume.es\\\/wp-content\\\/uploads\\\/2025\\\/01\\\/lume.png\",\"contentUrl\":\"https:\\\/\\\/brasaelume.es\\\/wp-content\\\/uploads\\\/2025\\\/01\\\/lume.png\",\"width\":600,\"height\":600},{\"@type\":\"BreadcrumbList\",\"@id\":\"https:\\\/\\\/brasaelume.es\\\/galeria\\\/#breadcrumb\",\"itemListElement\":[{\"@type\":\"ListItem\",\"position\":1,\"name\":\"Portada\",\"item\":\"https:\\\/\\\/brasaelume.es\\\/\"},{\"@type\":\"ListItem\",\"position\":2,\"name\":\"Galeria\"}]},{\"@type\":\"WebSite\",\"@id\":\"https:\\\/\\\/brasaelume.es\\\/#website\",\"url\":\"https:\\\/\\\/brasaelume.es\\\/\",\"name\":\"Brasa e lume\",\"description\":\"Cocina de carnes a la brasa\",\"publisher\":{\"@id\":\"https:\\\/\\\/brasaelume.es\\\/#organization\"},\"potentialAction\":[{\"@type\":\"SearchAction\",\"target\":{\"@type\":\"EntryPoint\",\"urlTemplate\":\"https:\\\/\\\/brasaelume.es\\\/?s={search_term_string}\"},\"query-input\":{\"@type\":\"PropertyValueSpecification\",\"valueRequired\":true,\"valueName\":\"search_term_string\"}}],\"inLanguage\":\"gl-ES\"},{\"@type\":\"Organization\",\"@id\":\"https:\\\/\\\/brasaelume.es\\\/#organization\",\"name\":\"Brasa e lume\",\"url\":\"https:\\\/\\\/brasaelume.es\\\/\",\"logo\":{\"@type\":\"ImageObject\",\"inLanguage\":\"gl-ES\",\"@id\":\"https:\\\/\\\/brasaelume.es\\\/#\\\/schema\\\/logo\\\/image\\\/\",\"url\":\"https:\\\/\\\/brasaelume.es\\\/wp-content\\\/uploads\\\/2023\\\/08\\\/logo-barqueiro.png\",\"contentUrl\":\"https:\\\/\\\/brasaelume.es\\\/wp-content\\\/uploads\\\/2023\\\/08\\\/logo-barqueiro.png\",\"width\":3508,\"height\":2481,\"caption\":\"Brasa e lume\"},\"image\":{\"@id\":\"https:\\\/\\\/brasaelume.es\\\/#\\\/schema\\\/logo\\\/image\\\/\"},\"sameAs\":[\"https:\\\/\\\/www.facebook.com\\\/Asador.A.de.Toto\",\"https:\\\/\\\/www.instagram.com\\\/a_detoto\"]}]}<\/script>\n<!-- \/ Yoast SEO plugin. -->","yoast_head_json":{"title":"Galeria - Brasa e lume","description":"Cocina basada en carnes a la brasa y comida casera. El buen trato de nuestra materia prima son nuestra se\u00f1a de identidad.","robots":{"index":"index","follow":"follow","max-snippet":"max-snippet:-1","max-image-preview":"max-image-preview:large","max-video-preview":"max-video-preview:-1"},"canonical":"https:\/\/brasaelume.es\/gl\/galeria\/","og_locale":"gl_ES","og_type":"article","og_title":"Galeria - Brasa e lume","og_description":"Cocina basada en carnes a la brasa y comida casera. El buen trato de nuestra materia prima son nuestra se\u00f1a de identidad.","og_url":"https:\/\/brasaelume.es\/gl\/galeria\/","og_site_name":"Brasa e lume","article_publisher":"https:\/\/www.facebook.com\/Asador.A.de.Toto","article_modified_time":"2025-01-18T12:41:53+00:00","og_image":[{"width":600,"height":600,"url":"https:\/\/brasaelume.es\/wp-content\/uploads\/2025\/01\/lume.png","type":"image\/png"}],"twitter_card":"summary_large_image","twitter_misc":{"Tempo de lectura":"1 minuto"},"schema":{"@context":"https:\/\/schema.org","@graph":[{"@type":"WebPage","@id":"https:\/\/brasaelume.es\/galeria\/","url":"https:\/\/brasaelume.es\/galeria\/","name":"Galeria - Brasa e lume","isPartOf":{"@id":"https:\/\/brasaelume.es\/#website"},"primaryImageOfPage":{"@id":"https:\/\/brasaelume.es\/galeria\/#primaryimage"},"image":{"@id":"https:\/\/brasaelume.es\/galeria\/#primaryimage"},"thumbnailUrl":"https:\/\/brasaelume.es\/wp-content\/uploads\/2025\/01\/lume.png","datePublished":"2024-03-12T20:26:36+00:00","dateModified":"2025-01-18T12:41:53+00:00","description":"Cocina basada en carnes a la brasa y comida casera. El buen trato de nuestra materia prima son nuestra se\u00f1a de identidad.","breadcrumb":{"@id":"https:\/\/brasaelume.es\/galeria\/#breadcrumb"},"inLanguage":"gl-ES","potentialAction":[{"@type":"ReadAction","target":["https:\/\/brasaelume.es\/galeria\/"]}]},{"@type":"ImageObject","inLanguage":"gl-ES","@id":"https:\/\/brasaelume.es\/galeria\/#primaryimage","url":"https:\/\/brasaelume.es\/wp-content\/uploads\/2025\/01\/lume.png","contentUrl":"https:\/\/brasaelume.es\/wp-content\/uploads\/2025\/01\/lume.png","width":600,"height":600},{"@type":"BreadcrumbList","@id":"https:\/\/brasaelume.es\/galeria\/#breadcrumb","itemListElement":[{"@type":"ListItem","position":1,"name":"Portada","item":"https:\/\/brasaelume.es\/"},{"@type":"ListItem","position":2,"name":"Galeria"}]},{"@type":"WebSite","@id":"https:\/\/brasaelume.es\/#website","url":"https:\/\/brasaelume.es\/","name":"Brasa e lume","description":"Cocina de carnes \u00e1 grella","publisher":{"@id":"https:\/\/brasaelume.es\/#organization"},"potentialAction":[{"@type":"SearchAction","target":{"@type":"EntryPoint","urlTemplate":"https:\/\/brasaelume.es\/?s={search_term_string}"},"query-input":{"@type":"PropertyValueSpecification","valueRequired":true,"valueName":"search_term_string"}}],"inLanguage":"gl-ES"},{"@type":"Organization","@id":"https:\/\/brasaelume.es\/#organization","name":"Brasa e lume","url":"https:\/\/brasaelume.es\/","logo":{"@type":"ImageObject","inLanguage":"gl-ES","@id":"https:\/\/brasaelume.es\/#\/schema\/logo\/image\/","url":"https:\/\/brasaelume.es\/wp-content\/uploads\/2023\/08\/logo-barqueiro.png","contentUrl":"https:\/\/brasaelume.es\/wp-content\/uploads\/2023\/08\/logo-barqueiro.png","width":3508,"height":2481,"caption":"Brasa e lume"},"image":{"@id":"https:\/\/brasaelume.es\/#\/schema\/logo\/image\/"},"sameAs":["https:\/\/www.facebook.com\/Asador.A.de.Toto","https:\/\/www.instagram.com\/a_detoto"]}]}},"_links":{"self":[{"href":"https:\/\/brasaelume.es\/gl\/wp-json\/wp\/v2\/pages\/692","targetHints":{"allow":["GET"]}}],"collection":[{"href":"https:\/\/brasaelume.es\/gl\/wp-json\/wp\/v2\/pages"}],"about":[{"href":"https:\/\/brasaelume.es\/gl\/wp-json\/wp\/v2\/types\/page"}],"author":[{"embeddable":true,"href":"https:\/\/brasaelume.es\/gl\/wp-json\/wp\/v2\/users\/1"}],"replies":[{"embeddable":true,"href":"https:\/\/brasaelume.es\/gl\/wp-json\/wp\/v2\/comments?post=692"}],"version-history":[{"count":38,"href":"https:\/\/brasaelume.es\/gl\/wp-json\/wp\/v2\/pages\/692\/revisions"}],"predecessor-version":[{"id":857,"href":"https:\/\/brasaelume.es\/gl\/wp-json\/wp\/v2\/pages\/692\/revisions\/857"}],"wp:featuredmedia":[{"embeddable":true,"href":"https:\/\/brasaelume.es\/gl\/wp-json\/wp\/v2\/media\/846"}],"wp:attachment":[{"href":"https:\/\/brasaelume.es\/gl\/wp-json\/wp\/v2\/media?parent=692"}],"curies":[{"name":"wp","href":"https:\/\/api.w.org\/{rel}","templated":true}]}}